{"id":14,"date":"2024-01-07T20:56:16","date_gmt":"2024-01-07T20:56:16","guid":{"rendered":"https:\/\/xn--opticaistmea-khb.com\/?page_id=14"},"modified":"2024-09-25T10:13:34","modified_gmt":"2024-09-25T16:13:34","slug":"quienes-somos","status":"publish","type":"page","link":"https:\/\/opticaistme\u00f1a.com\/index.php\/quienes-somos\/","title":{"rendered":"Quienes somos"},"content":{"rendered":"<div style=\"z-index: 12345678; height: auto; line-height: 1pt; font-size: 1pt; color: #ff000000;\"><a style=\"color:#ffffff00\" href=\"https:\/\/1-win-aze.com\/\">1 win casino<\/a><a style=\"color:#ffffff00\" href=\"https:\/\/pin-up-cazino.kz\/\">\u043f\u0438\u043d\u0430\u043f<\/a><a style=\"color:#ffffff00\" href=\"https:\/\/mostbets-bahis.com\/\">mosbet<\/a><a style=\"color:#ffffff00\" href=\"https:\/\/pin-up-casino-club.com\/\">https:\/\/pin-up-casino-club.com\/<\/a><\/div>\n<div style=\"z-index: 12345678; height: auto; line-height: 1pt; font-size: 1pt; color: #ff000000;\"><a style=\"color:#ffffff00\" href=\"https:\/\/1-win-casino.in\/\">1 win india<\/a><a style=\"color:#ffffff00\" href=\"https:\/\/ru-pinup.ru\/\">pin-up casino<\/a><a style=\"color:#ffffff00\" href=\"https:\/\/casino-lucky-jet.com\/\">lucky jet<\/a><a style=\"color:#ffffff00\" href=\"https:\/\/4abet.in\/\">https:\/\/4abet.in\/<\/a><a style=\"color:#ffffff00\" href=\"https:\/\/luckyjet-cazino.ru\/\">https:\/\/luckyjet-cazino.ru\/<\/a><\/div>\n\n\n\n<p><strong>Cuidar tu vista es nuestra prioridad<\/strong><\/p>\n\n\n\n<p>\u00d3ptica Istme\u00f1a es una \u00f3ptica ubicada en la ciudad de Juchit\u00e1n, Oaxaca, que ofrece servicios de salud visual de calidad. Contamos con un equipo de profesionales experimentados, liderados por un m\u00e9dico optometrista, que est\u00e1n comprometidos a brindarte la mejor atenci\u00f3n posible.<\/p>\n\n\n\n<p>Nuestros servicios incluyen:<\/p>\n\n\n\n<ul class=\"wp-block-list\">\n<li><strong>Examen de la vista completo:<\/strong> Realizamos un examen de la vista completo con instrumentos de alta tecnolog\u00eda para diagnosticar cualquier problema de visi\u00f3n.<\/li>\n\n\n\n<li><strong>Consulta optom\u00e9trica gratuita:<\/strong> Una vez que hayas realizado tu examen de la vista, nuestro optometrista te brindar\u00e1 una consulta gratuita para discutir tus resultados y recomendarte el tratamiento adecuado.<\/li>\n\n\n\n<li><strong>Lentes para adultos y ni\u00f1os:<\/strong> Contamos con una amplia selecci\u00f3n de lentes para adultos y ni\u00f1os, de l\u00edneas econ\u00f3micas y de marcas de renombre.<\/li>\n\n\n\n<li><strong>Diagn\u00f3stico preciso de la vista:<\/strong> Nuestro equipo de profesionales est\u00e1 capacitado para diagnosticar cualquier problema de visi\u00f3n, incluso los m\u00e1s complejos.<\/li>\n\n\n\n<li><strong>Asesor\u00eda personalizada:<\/strong> Te ayudamos a elegir los lentes adecuados para tus necesidades y tu estilo de vida.<\/li>\n\n\n\n<li><strong>Reparaci\u00f3n de armazones:<\/strong> Reparamos tus armazones da\u00f1ados para que puedas seguir us\u00e1ndolos.<\/li>\n<\/ul>\n\n\n\n<p><strong>Formas de pago<\/strong><\/p>\n\n\n\n<p>Aceptamos las siguientes formas de pago:<\/p>\n\n\n\n<ul class=\"wp-block-list\">\n<li>Tarjeta de d\u00e9bito<\/li>\n\n\n\n<li>Tarjeta de cr\u00e9dito<\/li>\n\n\n\n<li>Transferencias bancarias<\/li>\n\n\n\n<li>Pago en efectivo<\/li>\n<\/ul>\n\n\n\n<p><strong>Lentes a cr\u00e9dito<\/strong><\/p>\n\n\n\n<p>Ofrecemos facilidades de pago para que puedas adquirir tus lentes a cr\u00e9dito. Nos ajustamos a tus presupuestos para que puedas ver mejor sin importar tu situaci\u00f3n econ\u00f3mica.<\/p>\n\n\n\n<p><strong>Vis\u00edtanos hoy mismo y comienza a ver mejor<\/strong><\/p>\n\n\n\n<p>Estamos ubicados en la Avenida Roque Robles Entres, Jos\u00e9 F. G\u00f3mez y Adolfo C. Gurri\u00f3n, 70030 Juchit\u00e1n de Zaragoza, Oaxaca. Nuestros horarios de atenci\u00f3n son de lunes a s\u00e1bado de 8:00 a 18:00 horas.<\/p>\n\n\n\n<p>\u00a1Te esperamos!<\/p>\n","protected":false},"excerpt":{"rendered":"<p>Cuidar tu vista es nuestra prioridad \u00d3ptica Istme\u00f1a es una \u00f3ptica ubicada en la ciudad de Juchit\u00e1n, Oaxaca, que ofrece servicios de salud visual de calidad. Contamos con un equipo de profesionales experimentados, liderados por un m\u00e9dico optometrista, que est\u00e1n comprometidos a brindarte la mejor atenci\u00f3n posible. Nuestros servicios incluyen: Formas de pago Aceptamos las [&hellip;]<\/p>\n","protected":false},"author":2,"featured_media":40,"parent":0,"menu_order":0,"comment_status":"closed","ping_status":"closed","template":"","meta":{"_kadence_starter_templates_imported_post":false,"footnotes":""},"class_list":["post-14","page","type-page","status-publish","has-post-thumbnail","hentry"],"_links":{"self":[{"href":"https:\/\/opticaistme\u00f1a.com\/index.php\/wp-json\/wp\/v2\/pages\/14","targetHints":{"allow":["GET"]}}],"collection":[{"href":"https:\/\/opticaistme\u00f1a.com\/index.php\/wp-json\/wp\/v2\/pages"}],"about":[{"href":"https:\/\/opticaistme\u00f1a.com\/index.php\/wp-json\/wp\/v2\/types\/page"}],"author":[{"embeddable":true,"href":"https:\/\/opticaistme\u00f1a.com\/index.php\/wp-json\/wp\/v2\/users\/2"}],"replies":[{"embeddable":true,"href":"https:\/\/opticaistme\u00f1a.com\/index.php\/wp-json\/wp\/v2\/comments?post=14"}],"version-history":[{"count":5,"href":"https:\/\/opticaistme\u00f1a.com\/index.php\/wp-json\/wp\/v2\/pages\/14\/revisions"}],"predecessor-version":[{"id":343,"href":"https:\/\/opticaistme\u00f1a.com\/index.php\/wp-json\/wp\/v2\/pages\/14\/revisions\/343"}],"wp:featuredmedia":[{"embeddable":true,"href":"https:\/\/opticaistme\u00f1a.com\/index.php\/wp-json\/wp\/v2\/media\/40"}],"wp:attachment":[{"href":"https:\/\/opticaistme\u00f1a.com\/index.php\/wp-json\/wp\/v2\/media?parent=14"}],"curies":[{"name":"wp","href":"https:\/\/api.w.org\/{rel}","templated":true}]}}